{"id":513,"date":"2010-08-28T00:02:38","date_gmt":"2010-08-27T22:02:38","guid":{"rendered":"http:\/\/www.biagiomarin.it\/home\/"},"modified":"2024-01-20T10:58:04","modified_gmt":"2024-01-20T08:58:04","slug":"biagio-marin-legge-ciacola-mar","status":"publish","type":"page","link":"https:\/\/www.biagiomarin.it\/home\/biagio-marin-legge-ciacola-mar\/","title":{"rendered":"Biagio Marin legge: &#8220;Ciacola &#8216;l Mar&#8221;"},"content":{"rendered":"<div>Buon giorno ,<\/div>\n<div>il nuovo incontro di oggi con la voce di Biagio Marin ti presenta ancora il<\/div>\n<div>paesaggio di Grado con le sue voci pi\u00f9 semplici, intime e familiari.<\/div>\n<div>In realt\u00e0 il Poeta sta gi\u00e0 parlando della vita, dell&#8217;amore e della sparizione.<\/div>\n<p><strong>Puoi ascoltare la poesia &#8220;Ciacola &#8216;l Mar&#8221; in due modi:<\/strong><\/p>\n<p><strong>Scarica la versione AUDIO<\/strong> mp3 sul tuo computer: <strong><a href=\"http:\/\/www.biagiomarin.it\/home\/VideoBonus\/Ciacola%20el%20Mar.mp3\">clicca QUI<\/a><\/strong> con il tasto destro del mouse e scegli &#8220;Salva oggetto con nome&#8221;<\/p>\n<p>A presto e buon ascolto.<\/p>\n","protected":false},"excerpt":{"rendered":"<p>Buon giorno , il nuovo incontro di oggi con la voce di Biagio Marin ti presenta ancora il paesaggio di Grado con le sue voci pi\u00f9 semplici, intime e familiari. In realt\u00e0 il Poeta sta gi\u00e0 parlando della vita, dell&#8217;amore &hellip; <a href=\"https:\/\/www.biagiomarin.it\/home\/biagio-marin-legge-ciacola-mar\/\">Continua a leggere<span class=\"meta-nav\">&rarr;<\/span><\/a><\/p>\n","protected":false},"author":1,"featured_media":0,"parent":0,"menu_order":0,"comment_status":"closed","ping_status":"closed","template":"","meta":{"footnotes":""},"class_list":["post-513","page","type-page","status-publish","hentry"],"_links":{"self":[{"href":"https:\/\/www.biagiomarin.it\/home\/wp-json\/wp\/v2\/pages\/513","targetHints":{"allow":["GET"]}}],"collection":[{"href":"https:\/\/www.biagiomarin.it\/home\/wp-json\/wp\/v2\/pages"}],"about":[{"href":"https:\/\/www.biagiomarin.it\/home\/wp-json\/wp\/v2\/types\/page"}],"author":[{"embeddable":true,"href":"https:\/\/www.biagiomarin.it\/home\/wp-json\/wp\/v2\/users\/1"}],"replies":[{"embeddable":true,"href":"https:\/\/www.biagiomarin.it\/home\/wp-json\/wp\/v2\/comments?post=513"}],"version-history":[{"count":13,"href":"https:\/\/www.biagiomarin.it\/home\/wp-json\/wp\/v2\/pages\/513\/revisions"}],"predecessor-version":[{"id":3407,"href":"https:\/\/www.biagiomarin.it\/home\/wp-json\/wp\/v2\/pages\/513\/revisions\/3407"}],"wp:attachment":[{"href":"https:\/\/www.biagiomarin.it\/home\/wp-json\/wp\/v2\/media?parent=513"}],"curies":[{"name":"wp","href":"https:\/\/api.w.org\/{rel}","templated":true}]}}